{"id":6236,"date":"2017-12-07T16:02:36","date_gmt":"2017-12-07T15:02:36","guid":{"rendered":"https:\/\/www.serrelong.com\/wijnen-uit-de-provence\/"},"modified":"2018-05-23T10:59:55","modified_gmt":"2018-05-23T08:59:55","slug":"weine-der-provence","status":"publish","type":"page","link":"https:\/\/www.serrelong.com\/de\/weine-der-provence\/","title":{"rendered":"Weine der Provence"},"content":{"rendered":"[mk_page_section padding_top=&#8220;50&#8243; padding_bottom=&#8220;50&#8243; sidebar=&#8220;sidebar-1&#8243;][vc_column][vc_column_text css=&#8220;.vc_custom_1527066067094{margin-bottom: 0px !important;}&#8220;]W\u00e4hrend man durch die Provence f\u00e4hrt fallen einem die vielen Weinberge und Weing\u00fcter auf. Der gr\u00f6\u00dfte Teil der Ernte ist f\u00fcr Ros\u00e9weine bestimmt. Aber kosten Sie auch in den verschiedenen Weing\u00fctern die wei\u00dfen und roten Weine. Sie sind es wirklich wert!<\/p>\n<p><strong>Tipp: Nehmen Sie an einer Weintour teil.<\/strong><\/p>\n<p>Adressen und aktuelle Information finden Sie hier : <a href=\"http:\/\/www.maison-des-vins.fr\">www.maison-des-vins.fr<\/a><\/p>\n<p><strong>Tips van Serre Long: <\/strong><\/p>\n<p>Domaine de l\u2019Amaurigue : <a href=\"http:\/\/www.amaurigue.com\">www.amaurigue.com<\/a><\/p>\n<p>Ch\u00e2teau des Garcinieres : <a href=\"http:\/\/www.chateau-garcinieres.com\">www.chateau-garcinieres.com<\/a><\/p>\n<h3>Tipps und Links<\/h3>\n<p>Tipps f\u00fcr einen Zwischenstopp:<\/p>\n<ul>\n<li>In der Umgebung von Auxerre (ca. 700 km von Amsterdam) hei\u00dft man Sie bei Ria &amp; Stan Vaal herzlich willkommen (Chambre d\u2019H\u00f4tes): <a href=\"http:\/\/www.beauvoir.nl\">www.beauvoir.nl<\/a><\/li>\n<li>Bij Langres befindet sich das Hotel Le Cheval Blanc (ca. 670 km von Amsterdam). Es ist ein gem\u00fctliches Hotel wo man k\u00f6stliches Essen und erlesene Weine aus der Region genie\u00dfen kann. Das Hotel befindet sich direkt hinter der Festungsmauer der Stadt. Weitere Informationen und Reservierungen \u00fcber <a href=\"http:\/\/www.hotel-langres.com\">www.hotel-langres.com<\/a><\/li>\n<\/ul>\n<h3>Informationen \u00fcber die Umgebung:<\/h3>\n<p>Fremdenverkehrsverband La Garde-Freinet: <a href=\"http:\/\/www.la-garde-freinet-tourisme.fr\">www.la-garde-freinet-tourisme.fr<\/a><br \/>\nWandern und Radfahren in der Umgebung:<br \/>\n<a href=\"http:\/\/www.la-garde-freinet-tourisme.fr\/les-randonnees\/\">www.la-garde-freinet-tourisme.fr\/les-randonnees\/<\/a><br \/>\n<a href=\"http:\/\/www.la-garde-freinet-tourisme.fr\/les-randonnees\/\">www.la-garde-freinet-tourisme.fr\/les-parcours-vtt-a-la-garde-freinet<\/a>[\/vc_column_text][\/vc_column][\/mk_page_section]\n","protected":false},"excerpt":{"rendered":"<p>[mk_page_section padding_top=&#8220;50&#8243; padding_bottom=&#8220;50&#8243; sidebar=&#8220;sidebar-1&#8243;][vc_column][vc_column_text css=&#8220;.vc_custom_1527066067094{margin-bottom: 0px !important;}&#8220;]W\u00e4hrend man durch die Provence f\u00e4hrt fallen einem die vielen Weinberge und Weing\u00fcter auf. Der gr\u00f6\u00dfte Teil der Ernte ist f\u00fcr Ros\u00e9weine bestimmt. Aber kosten Sie auch in den verschiedenen Weing\u00fctern die wei\u00dfen und roten Weine. Sie sind es wirklich wert! Tipp: Nehmen Sie an einer Weintour teil. Adressen [&hellip;]<\/p>\n","protected":false},"author":1,"featured_media":0,"parent":0,"menu_order":0,"comment_status":"closed","ping_status":"closed","template":"","meta":{"footnotes":""},"class_list":["post-6236","page","type-page","status-publish","hentry"],"yoast_head":"<!-- This site is optimized with the Yoast SEO plugin v27.4 - https:\/\/yoast.com\/product\/yoast-seo-wordpress\/ -->\n<title>Weine der Provence - Domaine Serre Long - Provence \/ C\u00f4te d\u2019Azur<\/title>\n<meta name=\"robots\" content=\"index, follow, max-snippet:-1, max-image-preview:large, max-video-preview:-1\" \/>\n<link rel=\"canonical\" href=\"https:\/\/www.serrelong.com\/de\/weine-der-provence\/\" \/>\n<meta property=\"og:locale\" content=\"de_DE\" \/>\n<meta property=\"og:type\" content=\"article\" \/>\n<meta property=\"og:title\" content=\"Weine der Provence - Domaine Serre Long - Provence \/ C\u00f4te d\u2019Azur\" \/>\n<meta property=\"og:description\" content=\"[mk_page_section padding_top=&#8220;50&#8243; padding_bottom=&#8220;50&#8243; sidebar=&#8220;sidebar-1&#8243;][vc_column][vc_column_text css=&#8220;.vc_custom_1527066067094{margin-bottom: 0px !important;}&#8220;]W\u00e4hrend man durch die Provence f\u00e4hrt fallen einem die vielen Weinberge und Weing\u00fcter auf. Der gr\u00f6\u00dfte Teil der Ernte ist f\u00fcr Ros\u00e9weine bestimmt. Aber kosten Sie auch in den verschiedenen Weing\u00fctern die wei\u00dfen und roten Weine. Sie sind es wirklich wert! Tipp: Nehmen Sie an einer Weintour teil. Adressen [&hellip;]\" \/>\n<meta property=\"og:url\" content=\"https:\/\/www.serrelong.com\/de\/weine-der-provence\/\" \/>\n<meta property=\"og:site_name\" content=\"Domaine Serre Long - Provence \/ C\u00f4te d\u2019Azur\" \/>\n<meta property=\"article:modified_time\" content=\"2018-05-23T08:59:55+00:00\" \/>\n<meta name=\"twitter:card\" content=\"summary_large_image\" \/>\n<meta name=\"twitter:label1\" content=\"Gesch\u00e4tzte Lesezeit\" \/>\n\t<meta name=\"twitter:data1\" content=\"1\u00a0Minute\" \/>\n<script type=\"application\/ld+json\" class=\"yoast-schema-graph\">{\"@context\":\"https:\\\/\\\/schema.org\",\"@graph\":[{\"@type\":\"WebPage\",\"@id\":\"https:\\\/\\\/www.serrelong.com\\\/de\\\/weine-der-provence\\\/\",\"url\":\"https:\\\/\\\/www.serrelong.com\\\/de\\\/weine-der-provence\\\/\",\"name\":\"Weine der Provence - Domaine Serre Long - Provence \\\/ C\u00f4te d\u2019Azur\",\"isPartOf\":{\"@id\":\"https:\\\/\\\/www.serrelong.com\\\/#website\"},\"datePublished\":\"2017-12-07T15:02:36+00:00\",\"dateModified\":\"2018-05-23T08:59:55+00:00\",\"breadcrumb\":{\"@id\":\"https:\\\/\\\/www.serrelong.com\\\/de\\\/weine-der-provence\\\/#breadcrumb\"},\"inLanguage\":\"de\",\"potentialAction\":[{\"@type\":\"ReadAction\",\"target\":[\"https:\\\/\\\/www.serrelong.com\\\/de\\\/weine-der-provence\\\/\"]}]},{\"@type\":\"BreadcrumbList\",\"@id\":\"https:\\\/\\\/www.serrelong.com\\\/de\\\/weine-der-provence\\\/#breadcrumb\",\"itemListElement\":[{\"@type\":\"ListItem\",\"position\":1,\"name\":\"Home\",\"item\":\"https:\\\/\\\/www.serrelong.com\\\/de\\\/\"},{\"@type\":\"ListItem\",\"position\":2,\"name\":\"Weine der Provence\"}]},{\"@type\":\"WebSite\",\"@id\":\"https:\\\/\\\/www.serrelong.com\\\/#website\",\"url\":\"https:\\\/\\\/www.serrelong.com\\\/\",\"name\":\"Domaine Serre Long - Provence \\\/ C\u00f4te d\u2019Azur\",\"description\":\"\",\"potentialAction\":[{\"@type\":\"SearchAction\",\"target\":{\"@type\":\"EntryPoint\",\"urlTemplate\":\"https:\\\/\\\/www.serrelong.com\\\/?s={search_term_string}\"},\"query-input\":{\"@type\":\"PropertyValueSpecification\",\"valueRequired\":true,\"valueName\":\"search_term_string\"}}],\"inLanguage\":\"de\"}]}<\/script>\n<!-- \/ Yoast SEO plugin. -->","yoast_head_json":{"title":"Weine der Provence - Domaine Serre Long - Provence \/ C\u00f4te d\u2019Azur","robots":{"index":"index","follow":"follow","max-snippet":"max-snippet:-1","max-image-preview":"max-image-preview:large","max-video-preview":"max-video-preview:-1"},"canonical":"https:\/\/www.serrelong.com\/de\/weine-der-provence\/","og_locale":"de_DE","og_type":"article","og_title":"Weine der Provence - Domaine Serre Long - Provence \/ C\u00f4te d\u2019Azur","og_description":"[mk_page_section padding_top=&#8220;50&#8243; padding_bottom=&#8220;50&#8243; sidebar=&#8220;sidebar-1&#8243;][vc_column][vc_column_text css=&#8220;.vc_custom_1527066067094{margin-bottom: 0px !important;}&#8220;]W\u00e4hrend man durch die Provence f\u00e4hrt fallen einem die vielen Weinberge und Weing\u00fcter auf. Der gr\u00f6\u00dfte Teil der Ernte ist f\u00fcr Ros\u00e9weine bestimmt. Aber kosten Sie auch in den verschiedenen Weing\u00fctern die wei\u00dfen und roten Weine. Sie sind es wirklich wert! Tipp: Nehmen Sie an einer Weintour teil. Adressen [&hellip;]","og_url":"https:\/\/www.serrelong.com\/de\/weine-der-provence\/","og_site_name":"Domaine Serre Long - Provence \/ C\u00f4te d\u2019Azur","article_modified_time":"2018-05-23T08:59:55+00:00","twitter_card":"summary_large_image","twitter_misc":{"Gesch\u00e4tzte Lesezeit":"1\u00a0Minute"},"schema":{"@context":"https:\/\/schema.org","@graph":[{"@type":"WebPage","@id":"https:\/\/www.serrelong.com\/de\/weine-der-provence\/","url":"https:\/\/www.serrelong.com\/de\/weine-der-provence\/","name":"Weine der Provence - Domaine Serre Long - Provence \/ C\u00f4te d\u2019Azur","isPartOf":{"@id":"https:\/\/www.serrelong.com\/#website"},"datePublished":"2017-12-07T15:02:36+00:00","dateModified":"2018-05-23T08:59:55+00:00","breadcrumb":{"@id":"https:\/\/www.serrelong.com\/de\/weine-der-provence\/#breadcrumb"},"inLanguage":"de","potentialAction":[{"@type":"ReadAction","target":["https:\/\/www.serrelong.com\/de\/weine-der-provence\/"]}]},{"@type":"BreadcrumbList","@id":"https:\/\/www.serrelong.com\/de\/weine-der-provence\/#breadcrumb","itemListElement":[{"@type":"ListItem","position":1,"name":"Home","item":"https:\/\/www.serrelong.com\/de\/"},{"@type":"ListItem","position":2,"name":"Weine der Provence"}]},{"@type":"WebSite","@id":"https:\/\/www.serrelong.com\/#website","url":"https:\/\/www.serrelong.com\/","name":"Domaine Serre Long - Provence \/ C\u00f4te d\u2019Azur","description":"","potentialAction":[{"@type":"SearchAction","target":{"@type":"EntryPoint","urlTemplate":"https:\/\/www.serrelong.com\/?s={search_term_string}"},"query-input":{"@type":"PropertyValueSpecification","valueRequired":true,"valueName":"search_term_string"}}],"inLanguage":"de"}]}},"_links":{"self":[{"href":"https:\/\/www.serrelong.com\/de\/wp-json\/wp\/v2\/pages\/6236","targetHints":{"allow":["GET"]}}],"collection":[{"href":"https:\/\/www.serrelong.com\/de\/wp-json\/wp\/v2\/pages"}],"about":[{"href":"https:\/\/www.serrelong.com\/de\/wp-json\/wp\/v2\/types\/page"}],"author":[{"embeddable":true,"href":"https:\/\/www.serrelong.com\/de\/wp-json\/wp\/v2\/users\/1"}],"replies":[{"embeddable":true,"href":"https:\/\/www.serrelong.com\/de\/wp-json\/wp\/v2\/comments?post=6236"}],"version-history":[{"count":1,"href":"https:\/\/www.serrelong.com\/de\/wp-json\/wp\/v2\/pages\/6236\/revisions"}],"predecessor-version":[{"id":6277,"href":"https:\/\/www.serrelong.com\/de\/wp-json\/wp\/v2\/pages\/6236\/revisions\/6277"}],"wp:attachment":[{"href":"https:\/\/www.serrelong.com\/de\/wp-json\/wp\/v2\/media?parent=6236"}],"curies":[{"name":"wp","href":"https:\/\/api.w.org\/{rel}","templated":true}]}}