{"id":6238,"date":"2017-12-07T15:16:15","date_gmt":"2017-12-07T14:16:15","guid":{"rendered":"https:\/\/www.serrelong.com\/sportief\/"},"modified":"2018-05-22T15:21:33","modified_gmt":"2018-05-22T13:21:33","slug":"sport","status":"publish","type":"page","link":"https:\/\/www.serrelong.com\/de\/sport\/","title":{"rendered":"Sport"},"content":{"rendered":"[mk_page_section padding_top=&#8220;50&#8243; padding_bottom=&#8220;50&#8243; sidebar=&#8220;sidebar-1&#8243;][vc_column][vc_column_text css=&#8220;.vc_custom_1526994456621{margin-bottom: 0px !important;}&#8220;]\n<h3>Wandern<\/h3>\n<p>In unmittelbarer N\u00e4he von Serre Long wurden verschiedene Wanderwege angelegt. W\u00e4hrend einer solchen Wanderung werden sie m\u00f6glicherweise auch \u00fcber Br\u00fccken aus der R\u00f6merzeit gehen.<br \/>\nVon Serre Long aus k\u00f6nnen Sie \u00fcber einen breiten Wanderpfad durch die H\u00fcgel in einer knappen Stunde nach La Garde-Freinet wandern.<br \/>\nOder Sie beginnen Ihre Wanderung in La Garde Freinet, von wo aus man zum alten Fort oder zum Kruzifix gelangt. Eine Kletterherausforderung.<\/p>\n<p><a href=\"https:\/\/www.france-voyage.com\/frankrijk-tochten\/la-garde-freinet-commune-33463.htm\">https:\/\/www.france-voyage.com\/frankrijk-tochten<\/a>[\/vc_column_text][mk_gallery images=&#8220;6006&#8243; column=&#8220;7&#8243; height=&#8220;200&#8243;][vc_column_text css=&#8220;.vc_custom_1526994598302{margin-bottom: 0px !important;}&#8220;]\n<h3>Fahrrad fahren<\/h3>\n<p>Die endlose Natur k\u00f6nnen sie auch mit dem Mountainbike genie\u00dfen. Die wechselnden H\u00f6hen in diesem Gebiet sind eine physische Herausforderung. Es gibt zahlreiche M\u00f6glichkeiten von relativ entspannten bis sportlich herausfordernden Touren.<\/p>\n<p><a href=\"http:\/\/la-garde-freinet-tourisme.fr\/les-randonnees\/\">http:\/\/la-garde-freinet-tourisme.fr\/les-randonnees\/ <\/a><\/p>\n<p><a href=\"http:\/\/la-garde-freinet-tourisme.fr\/les-parcours-vtt-a-la-garde-freinet\/\">http:\/\/la-garde-freinet-tourisme.fr\/les-parcours-vtt-a-la-garde-freinet\/<\/a><\/p>\n<p>Mit dem \u201enormalen\u201c Rennrad k\u00f6nnen sie Touren durch ruhige Landschaften machen, wobei Sie durch die typischen D\u00f6rfer von Haut Var fahren. Etwas n\u00f6rdlicher befindet sich der wirkliche Anstieg. In Ihrer Unterkunft liegen Karten mit verschiedenen Routen.[\/vc_column_text][mk_gallery images=&#8220;6003,6002&#8243; column=&#8220;7&#8243; height=&#8220;200&#8243;][vc_column_text css=&#8220;.vc_custom_1526994922339{margin-bottom: 0px !important;}&#8220;]\n<h3>Golf<\/h3>\n<p>Die Umgebung von Serre Long spricht auch Golfspieler an. Nicht weniger als 32 Golfpl\u00e4tze befinden sich in der Provence\/C\u00f4te d\u2019Azur. Zu nennen w\u00e4ren da zum Beispiel in Grimaud<\/p>\n<ul>\n<li><a style=\"font-size: 16px;\" href=\"http:\/\/www.golf-club-de-beauvallon.com\" target=\"_blank\" rel=\"noopener\">Grimaud \u2018Beauvallon Golf&#8216;\u00a0<\/a><\/li>\n<li><a href=\"http:\/\/www.sainte-maxime.bluegreen.com\" target=\"_blank\" rel=\"noopener\">Oder Saint Maxime\u00a0<\/a><\/li>\n<li><a href=\"http:\/\/www.barbaroux.com\" target=\"_blank\" rel=\"noopener\">Oder auch Brignoles<\/a>.<\/li>\n<\/ul>\n[\/vc_column_text][vc_column_text css=&#8220;.vc_custom_1526994834122{margin-bottom: 0px !important;}&#8220;]\n<h3>Weitere Aktivit\u00e4ten<\/h3>\n<p>In der direkten Umgebung gibt es f\u00fcr Jung und Alt viel zu erleben. Ein Tagesausflug auf dem Mittelmeer, die Herausforderungen der Schlucht Gorges du Verdon, Kajak fahren auf dem Flu\u00df \u201eArgens\u201c , Kart fahren auf einer der vielen Kartbahnen oder auch der Abenteuerpark in Flassans. F\u00fcr jeden ist etwas dabei.[\/vc_column_text][mk_gallery images=&#8220;6007&#8243; column=&#8220;7&#8243; height=&#8220;200&#8243;][\/vc_column][\/mk_page_section]\n","protected":false},"excerpt":{"rendered":"<p>[mk_page_section padding_top=&#8220;50&#8243; padding_bottom=&#8220;50&#8243; sidebar=&#8220;sidebar-1&#8243;][vc_column][vc_column_text css=&#8220;.vc_custom_1526994456621{margin-bottom: 0px !important;}&#8220;] Wandern In unmittelbarer N\u00e4he von Serre Long wurden verschiedene Wanderwege angelegt. W\u00e4hrend einer solchen Wanderung werden sie m\u00f6glicherweise auch \u00fcber Br\u00fccken aus der R\u00f6merzeit gehen. Von Serre Long aus k\u00f6nnen Sie \u00fcber einen breiten Wanderpfad durch die H\u00fcgel in einer knappen Stunde nach La Garde-Freinet wandern. Oder Sie [&hellip;]<\/p>\n","protected":false},"author":1,"featured_media":0,"parent":0,"menu_order":0,"comment_status":"closed","ping_status":"closed","template":"","meta":{"footnotes":""},"class_list":["post-6238","page","type-page","status-publish","hentry"],"yoast_head":"<!-- This site is optimized with the Yoast SEO plugin v27.4 - https:\/\/yoast.com\/product\/yoast-seo-wordpress\/ -->\n<title>Sport - Domaine Serre Long - Provence \/ C\u00f4te d\u2019Azur<\/title>\n<meta name=\"robots\" content=\"index, follow, max-snippet:-1, max-image-preview:large, max-video-preview:-1\" \/>\n<link rel=\"canonical\" href=\"https:\/\/www.serrelong.com\/de\/sport\/\" \/>\n<meta property=\"og:locale\" content=\"de_DE\" \/>\n<meta property=\"og:type\" content=\"article\" \/>\n<meta property=\"og:title\" content=\"Sport - Domaine Serre Long - Provence \/ C\u00f4te d\u2019Azur\" \/>\n<meta property=\"og:description\" content=\"[mk_page_section padding_top=&#8220;50&#8243; padding_bottom=&#8220;50&#8243; sidebar=&#8220;sidebar-1&#8243;][vc_column][vc_column_text css=&#8220;.vc_custom_1526994456621{margin-bottom: 0px !important;}&#8220;] Wandern In unmittelbarer N\u00e4he von Serre Long wurden verschiedene Wanderwege angelegt. W\u00e4hrend einer solchen Wanderung werden sie m\u00f6glicherweise auch \u00fcber Br\u00fccken aus der R\u00f6merzeit gehen. Von Serre Long aus k\u00f6nnen Sie \u00fcber einen breiten Wanderpfad durch die H\u00fcgel in einer knappen Stunde nach La Garde-Freinet wandern. Oder Sie [&hellip;]\" \/>\n<meta property=\"og:url\" content=\"https:\/\/www.serrelong.com\/de\/sport\/\" \/>\n<meta property=\"og:site_name\" content=\"Domaine Serre Long - Provence \/ C\u00f4te d\u2019Azur\" \/>\n<meta property=\"article:modified_time\" content=\"2018-05-22T13:21:33+00:00\" \/>\n<meta name=\"twitter:card\" content=\"summary_large_image\" \/>\n<meta name=\"twitter:label1\" content=\"Gesch\u00e4tzte Lesezeit\" \/>\n\t<meta name=\"twitter:data1\" content=\"2\u00a0Minuten\" \/>\n<script type=\"application\/ld+json\" class=\"yoast-schema-graph\">{\"@context\":\"https:\\\/\\\/schema.org\",\"@graph\":[{\"@type\":\"WebPage\",\"@id\":\"https:\\\/\\\/www.serrelong.com\\\/de\\\/sport\\\/\",\"url\":\"https:\\\/\\\/www.serrelong.com\\\/de\\\/sport\\\/\",\"name\":\"Sport - Domaine Serre Long - Provence \\\/ C\u00f4te d\u2019Azur\",\"isPartOf\":{\"@id\":\"https:\\\/\\\/www.serrelong.com\\\/#website\"},\"datePublished\":\"2017-12-07T14:16:15+00:00\",\"dateModified\":\"2018-05-22T13:21:33+00:00\",\"breadcrumb\":{\"@id\":\"https:\\\/\\\/www.serrelong.com\\\/de\\\/sport\\\/#breadcrumb\"},\"inLanguage\":\"de\",\"potentialAction\":[{\"@type\":\"ReadAction\",\"target\":[\"https:\\\/\\\/www.serrelong.com\\\/de\\\/sport\\\/\"]}]},{\"@type\":\"BreadcrumbList\",\"@id\":\"https:\\\/\\\/www.serrelong.com\\\/de\\\/sport\\\/#breadcrumb\",\"itemListElement\":[{\"@type\":\"ListItem\",\"position\":1,\"name\":\"Home\",\"item\":\"https:\\\/\\\/www.serrelong.com\\\/de\\\/\"},{\"@type\":\"ListItem\",\"position\":2,\"name\":\"Sport\"}]},{\"@type\":\"WebSite\",\"@id\":\"https:\\\/\\\/www.serrelong.com\\\/#website\",\"url\":\"https:\\\/\\\/www.serrelong.com\\\/\",\"name\":\"Domaine Serre Long - Provence \\\/ C\u00f4te d\u2019Azur\",\"description\":\"\",\"potentialAction\":[{\"@type\":\"SearchAction\",\"target\":{\"@type\":\"EntryPoint\",\"urlTemplate\":\"https:\\\/\\\/www.serrelong.com\\\/?s={search_term_string}\"},\"query-input\":{\"@type\":\"PropertyValueSpecification\",\"valueRequired\":true,\"valueName\":\"search_term_string\"}}],\"inLanguage\":\"de\"}]}<\/script>\n<!-- \/ Yoast SEO plugin. -->","yoast_head_json":{"title":"Sport - Domaine Serre Long - Provence \/ C\u00f4te d\u2019Azur","robots":{"index":"index","follow":"follow","max-snippet":"max-snippet:-1","max-image-preview":"max-image-preview:large","max-video-preview":"max-video-preview:-1"},"canonical":"https:\/\/www.serrelong.com\/de\/sport\/","og_locale":"de_DE","og_type":"article","og_title":"Sport - Domaine Serre Long - Provence \/ C\u00f4te d\u2019Azur","og_description":"[mk_page_section padding_top=&#8220;50&#8243; padding_bottom=&#8220;50&#8243; sidebar=&#8220;sidebar-1&#8243;][vc_column][vc_column_text css=&#8220;.vc_custom_1526994456621{margin-bottom: 0px !important;}&#8220;] Wandern In unmittelbarer N\u00e4he von Serre Long wurden verschiedene Wanderwege angelegt. W\u00e4hrend einer solchen Wanderung werden sie m\u00f6glicherweise auch \u00fcber Br\u00fccken aus der R\u00f6merzeit gehen. Von Serre Long aus k\u00f6nnen Sie \u00fcber einen breiten Wanderpfad durch die H\u00fcgel in einer knappen Stunde nach La Garde-Freinet wandern. Oder Sie [&hellip;]","og_url":"https:\/\/www.serrelong.com\/de\/sport\/","og_site_name":"Domaine Serre Long - Provence \/ C\u00f4te d\u2019Azur","article_modified_time":"2018-05-22T13:21:33+00:00","twitter_card":"summary_large_image","twitter_misc":{"Gesch\u00e4tzte Lesezeit":"2\u00a0Minuten"},"schema":{"@context":"https:\/\/schema.org","@graph":[{"@type":"WebPage","@id":"https:\/\/www.serrelong.com\/de\/sport\/","url":"https:\/\/www.serrelong.com\/de\/sport\/","name":"Sport - Domaine Serre Long - Provence \/ C\u00f4te d\u2019Azur","isPartOf":{"@id":"https:\/\/www.serrelong.com\/#website"},"datePublished":"2017-12-07T14:16:15+00:00","dateModified":"2018-05-22T13:21:33+00:00","breadcrumb":{"@id":"https:\/\/www.serrelong.com\/de\/sport\/#breadcrumb"},"inLanguage":"de","potentialAction":[{"@type":"ReadAction","target":["https:\/\/www.serrelong.com\/de\/sport\/"]}]},{"@type":"BreadcrumbList","@id":"https:\/\/www.serrelong.com\/de\/sport\/#breadcrumb","itemListElement":[{"@type":"ListItem","position":1,"name":"Home","item":"https:\/\/www.serrelong.com\/de\/"},{"@type":"ListItem","position":2,"name":"Sport"}]},{"@type":"WebSite","@id":"https:\/\/www.serrelong.com\/#website","url":"https:\/\/www.serrelong.com\/","name":"Domaine Serre Long - Provence \/ C\u00f4te d\u2019Azur","description":"","potentialAction":[{"@type":"SearchAction","target":{"@type":"EntryPoint","urlTemplate":"https:\/\/www.serrelong.com\/?s={search_term_string}"},"query-input":{"@type":"PropertyValueSpecification","valueRequired":true,"valueName":"search_term_string"}}],"inLanguage":"de"}]}},"_links":{"self":[{"href":"https:\/\/www.serrelong.com\/de\/wp-json\/wp\/v2\/pages\/6238","targetHints":{"allow":["GET"]}}],"collection":[{"href":"https:\/\/www.serrelong.com\/de\/wp-json\/wp\/v2\/pages"}],"about":[{"href":"https:\/\/www.serrelong.com\/de\/wp-json\/wp\/v2\/types\/page"}],"author":[{"embeddable":true,"href":"https:\/\/www.serrelong.com\/de\/wp-json\/wp\/v2\/users\/1"}],"replies":[{"embeddable":true,"href":"https:\/\/www.serrelong.com\/de\/wp-json\/wp\/v2\/comments?post=6238"}],"version-history":[{"count":3,"href":"https:\/\/www.serrelong.com\/de\/wp-json\/wp\/v2\/pages\/6238\/revisions"}],"predecessor-version":[{"id":6275,"href":"https:\/\/www.serrelong.com\/de\/wp-json\/wp\/v2\/pages\/6238\/revisions\/6275"}],"wp:attachment":[{"href":"https:\/\/www.serrelong.com\/de\/wp-json\/wp\/v2\/media?parent=6238"}],"curies":[{"name":"wp","href":"https:\/\/api.w.org\/{rel}","templated":true}]}}