{"id":6239,"date":"2017-12-07T15:07:39","date_gmt":"2017-12-07T14:07:39","guid":{"rendered":"https:\/\/www.serrelong.com\/provence\/"},"modified":"2018-05-22T13:41:51","modified_gmt":"2018-05-22T11:41:51","slug":"provence-und-strand","status":"publish","type":"page","link":"https:\/\/www.serrelong.com\/de\/provence-und-strand\/","title":{"rendered":"Provence und Strand"},"content":{"rendered":"[mk_page_section padding_top=&#8220;50&#8243; padding_bottom=&#8220;50&#8243; sidebar=&#8220;sidebar-1&#8243;][vc_column][vc_column_text css=&#8220;.vc_custom_1526989380237{margin-bottom: 0px !important;}&#8220;]Das Landgut Serre Long liegt in einer wundersch\u00f6nen Gegend, umgeben von pittoresken kleinen D\u00f6rfern und imposanten Naturgebieten. Durch das angenehme Mittelmeerklima scheint hier fast immer die Sonne.<\/p>\n<p>Etwa 4 km s\u00fcdlich von Serre Long liegt das charakteristische Dorf La Garde Freinet. Ein lebendiges Dorf mit kleinen Gesch\u00e4ften und Resataurants und mit kleinen, nach oben sich schl\u00e4ngelnden Str\u00e4\u00dfchen.<\/p>\n<p>Auf halben Wege der Route nach St. Tropez kommt man am blumenreichen K\u00fcnstlerdorf Grimaud vorbei. Das sch\u00f6ne Grimaud sowie D\u00f6rfer wie Gassin, Ramatuelle, Collobri\u00e8res und Cogolin spiegeln &#8211; jedes f\u00fcr sich &#8211; den \u00e4ltesten Teil der Provence wieder.<\/p>\n<p>N\u00f6rdlich von Serre Long erleben sie die ruhige und weitl\u00e4ufige Landschaft der Provence mit Orten wie Le Thoronet, Lorgues, Cotignac und Salernes.<\/p>\n<p>In La Garde Freinet, aber auch in vielen umliegenden D\u00f6rfern finden regelm\u00e4\u00dfig M\u00e4rkte statt. Es ist herrlich entlang der Markst\u00e4nde mit provenzalischen Stoffen zu schlendern oder provenzalische Kr\u00e4utern zu schnuppern. Oder einen der gem\u00fctlichen Antiquit\u00e4tenm\u00e4rkte (Brocantes) und \/ oder Flohm\u00e4rkte (Puces) zu durchst\u00f6bern. Eine besondere Empfehlung ist der \u201epuce\u201c zwischen Grimaud und Saint Maxime am Sonntag. Er ist jedes Mal wieder ein wahres Erlebnis.<\/p>\n<p>Die Provence grenzt im S\u00fcden an das Mittelmeer. Das bedeutet, dass es dort allerlei sch\u00f6ne Str\u00e4nde gibt. Von Serre Long aus sind es etwa 25 km nach St. Tropez. Die sch\u00f6nsten Str\u00e4nde sind im Osten von St. Tropez, Richtung Ramatuelle. Dort gibt es mehrere Zug\u00e4nge zum Meer.[\/vc_column_text][mk_gallery images=&#8220;6013,6014,6015,6016&#8243; column=&#8220;4&#8243; height=&#8220;300&#8243;][\/vc_column][\/mk_page_section]\n","protected":false},"excerpt":{"rendered":"<p>[mk_page_section padding_top=&#8220;50&#8243; padding_bottom=&#8220;50&#8243; sidebar=&#8220;sidebar-1&#8243;][vc_column][vc_column_text css=&#8220;.vc_custom_1526989380237{margin-bottom: 0px !important;}&#8220;]Das Landgut Serre Long liegt in einer wundersch\u00f6nen Gegend, umgeben von pittoresken kleinen D\u00f6rfern und imposanten Naturgebieten. Durch das angenehme Mittelmeerklima scheint hier fast immer die Sonne. Etwa 4 km s\u00fcdlich von Serre Long liegt das charakteristische Dorf La Garde Freinet. Ein lebendiges Dorf mit kleinen Gesch\u00e4ften und Resataurants [&hellip;]<\/p>\n","protected":false},"author":1,"featured_media":0,"parent":0,"menu_order":0,"comment_status":"closed","ping_status":"closed","template":"","meta":{"footnotes":""},"class_list":["post-6239","page","type-page","status-publish","hentry"],"yoast_head":"<!-- This site is optimized with the Yoast SEO plugin v27.4 - https:\/\/yoast.com\/product\/yoast-seo-wordpress\/ -->\n<title>Provence und Strand - Domaine Serre Long - Provence \/ C\u00f4te d\u2019Azur<\/title>\n<meta name=\"robots\" content=\"index, follow, max-snippet:-1, max-image-preview:large, max-video-preview:-1\" \/>\n<link rel=\"canonical\" href=\"https:\/\/www.serrelong.com\/de\/provence-und-strand\/\" \/>\n<meta property=\"og:locale\" content=\"de_DE\" \/>\n<meta property=\"og:type\" content=\"article\" \/>\n<meta property=\"og:title\" content=\"Provence und Strand - Domaine Serre Long - Provence \/ C\u00f4te d\u2019Azur\" \/>\n<meta property=\"og:description\" content=\"[mk_page_section padding_top=&#8220;50&#8243; padding_bottom=&#8220;50&#8243; sidebar=&#8220;sidebar-1&#8243;][vc_column][vc_column_text css=&#8220;.vc_custom_1526989380237{margin-bottom: 0px !important;}&#8220;]Das Landgut Serre Long liegt in einer wundersch\u00f6nen Gegend, umgeben von pittoresken kleinen D\u00f6rfern und imposanten Naturgebieten. Durch das angenehme Mittelmeerklima scheint hier fast immer die Sonne. Etwa 4 km s\u00fcdlich von Serre Long liegt das charakteristische Dorf La Garde Freinet. Ein lebendiges Dorf mit kleinen Gesch\u00e4ften und Resataurants [&hellip;]\" \/>\n<meta property=\"og:url\" content=\"https:\/\/www.serrelong.com\/de\/provence-und-strand\/\" \/>\n<meta property=\"og:site_name\" content=\"Domaine Serre Long - Provence \/ C\u00f4te d\u2019Azur\" \/>\n<meta property=\"article:modified_time\" content=\"2018-05-22T11:41:51+00:00\" \/>\n<meta name=\"twitter:card\" content=\"summary_large_image\" \/>\n<meta name=\"twitter:label1\" content=\"Gesch\u00e4tzte Lesezeit\" \/>\n\t<meta name=\"twitter:data1\" content=\"1\u00a0Minute\" \/>\n<script type=\"application\/ld+json\" class=\"yoast-schema-graph\">{\"@context\":\"https:\\\/\\\/schema.org\",\"@graph\":[{\"@type\":\"WebPage\",\"@id\":\"https:\\\/\\\/www.serrelong.com\\\/de\\\/provence-und-strand\\\/\",\"url\":\"https:\\\/\\\/www.serrelong.com\\\/de\\\/provence-und-strand\\\/\",\"name\":\"Provence und Strand - Domaine Serre Long - Provence \\\/ C\u00f4te d\u2019Azur\",\"isPartOf\":{\"@id\":\"https:\\\/\\\/www.serrelong.com\\\/#website\"},\"datePublished\":\"2017-12-07T14:07:39+00:00\",\"dateModified\":\"2018-05-22T11:41:51+00:00\",\"breadcrumb\":{\"@id\":\"https:\\\/\\\/www.serrelong.com\\\/de\\\/provence-und-strand\\\/#breadcrumb\"},\"inLanguage\":\"de\",\"potentialAction\":[{\"@type\":\"ReadAction\",\"target\":[\"https:\\\/\\\/www.serrelong.com\\\/de\\\/provence-und-strand\\\/\"]}]},{\"@type\":\"BreadcrumbList\",\"@id\":\"https:\\\/\\\/www.serrelong.com\\\/de\\\/provence-und-strand\\\/#breadcrumb\",\"itemListElement\":[{\"@type\":\"ListItem\",\"position\":1,\"name\":\"Home\",\"item\":\"https:\\\/\\\/www.serrelong.com\\\/de\\\/\"},{\"@type\":\"ListItem\",\"position\":2,\"name\":\"Provence und Strand\"}]},{\"@type\":\"WebSite\",\"@id\":\"https:\\\/\\\/www.serrelong.com\\\/#website\",\"url\":\"https:\\\/\\\/www.serrelong.com\\\/\",\"name\":\"Domaine Serre Long - Provence \\\/ C\u00f4te d\u2019Azur\",\"description\":\"\",\"potentialAction\":[{\"@type\":\"SearchAction\",\"target\":{\"@type\":\"EntryPoint\",\"urlTemplate\":\"https:\\\/\\\/www.serrelong.com\\\/?s={search_term_string}\"},\"query-input\":{\"@type\":\"PropertyValueSpecification\",\"valueRequired\":true,\"valueName\":\"search_term_string\"}}],\"inLanguage\":\"de\"}]}<\/script>\n<!-- \/ Yoast SEO plugin. -->","yoast_head_json":{"title":"Provence und Strand - Domaine Serre Long - Provence \/ C\u00f4te d\u2019Azur","robots":{"index":"index","follow":"follow","max-snippet":"max-snippet:-1","max-image-preview":"max-image-preview:large","max-video-preview":"max-video-preview:-1"},"canonical":"https:\/\/www.serrelong.com\/de\/provence-und-strand\/","og_locale":"de_DE","og_type":"article","og_title":"Provence und Strand - Domaine Serre Long - Provence \/ C\u00f4te d\u2019Azur","og_description":"[mk_page_section padding_top=&#8220;50&#8243; padding_bottom=&#8220;50&#8243; sidebar=&#8220;sidebar-1&#8243;][vc_column][vc_column_text css=&#8220;.vc_custom_1526989380237{margin-bottom: 0px !important;}&#8220;]Das Landgut Serre Long liegt in einer wundersch\u00f6nen Gegend, umgeben von pittoresken kleinen D\u00f6rfern und imposanten Naturgebieten. Durch das angenehme Mittelmeerklima scheint hier fast immer die Sonne. Etwa 4 km s\u00fcdlich von Serre Long liegt das charakteristische Dorf La Garde Freinet. Ein lebendiges Dorf mit kleinen Gesch\u00e4ften und Resataurants [&hellip;]","og_url":"https:\/\/www.serrelong.com\/de\/provence-und-strand\/","og_site_name":"Domaine Serre Long - Provence \/ C\u00f4te d\u2019Azur","article_modified_time":"2018-05-22T11:41:51+00:00","twitter_card":"summary_large_image","twitter_misc":{"Gesch\u00e4tzte Lesezeit":"1\u00a0Minute"},"schema":{"@context":"https:\/\/schema.org","@graph":[{"@type":"WebPage","@id":"https:\/\/www.serrelong.com\/de\/provence-und-strand\/","url":"https:\/\/www.serrelong.com\/de\/provence-und-strand\/","name":"Provence und Strand - Domaine Serre Long - Provence \/ C\u00f4te d\u2019Azur","isPartOf":{"@id":"https:\/\/www.serrelong.com\/#website"},"datePublished":"2017-12-07T14:07:39+00:00","dateModified":"2018-05-22T11:41:51+00:00","breadcrumb":{"@id":"https:\/\/www.serrelong.com\/de\/provence-und-strand\/#breadcrumb"},"inLanguage":"de","potentialAction":[{"@type":"ReadAction","target":["https:\/\/www.serrelong.com\/de\/provence-und-strand\/"]}]},{"@type":"BreadcrumbList","@id":"https:\/\/www.serrelong.com\/de\/provence-und-strand\/#breadcrumb","itemListElement":[{"@type":"ListItem","position":1,"name":"Home","item":"https:\/\/www.serrelong.com\/de\/"},{"@type":"ListItem","position":2,"name":"Provence und Strand"}]},{"@type":"WebSite","@id":"https:\/\/www.serrelong.com\/#website","url":"https:\/\/www.serrelong.com\/","name":"Domaine Serre Long - Provence \/ C\u00f4te d\u2019Azur","description":"","potentialAction":[{"@type":"SearchAction","target":{"@type":"EntryPoint","urlTemplate":"https:\/\/www.serrelong.com\/?s={search_term_string}"},"query-input":{"@type":"PropertyValueSpecification","valueRequired":true,"valueName":"search_term_string"}}],"inLanguage":"de"}]}},"_links":{"self":[{"href":"https:\/\/www.serrelong.com\/de\/wp-json\/wp\/v2\/pages\/6239","targetHints":{"allow":["GET"]}}],"collection":[{"href":"https:\/\/www.serrelong.com\/de\/wp-json\/wp\/v2\/pages"}],"about":[{"href":"https:\/\/www.serrelong.com\/de\/wp-json\/wp\/v2\/types\/page"}],"author":[{"embeddable":true,"href":"https:\/\/www.serrelong.com\/de\/wp-json\/wp\/v2\/users\/1"}],"replies":[{"embeddable":true,"href":"https:\/\/www.serrelong.com\/de\/wp-json\/wp\/v2\/comments?post=6239"}],"version-history":[{"count":2,"href":"https:\/\/www.serrelong.com\/de\/wp-json\/wp\/v2\/pages\/6239\/revisions"}],"predecessor-version":[{"id":6272,"href":"https:\/\/www.serrelong.com\/de\/wp-json\/wp\/v2\/pages\/6239\/revisions\/6272"}],"wp:attachment":[{"href":"https:\/\/www.serrelong.com\/de\/wp-json\/wp\/v2\/media?parent=6239"}],"curies":[{"name":"wp","href":"https:\/\/api.w.org\/{rel}","templated":true}]}}