{"id":6243,"date":"2017-12-07T14:35:44","date_gmt":"2017-12-07T13:35:44","guid":{"rendered":"https:\/\/www.serrelong.com\/internet\/"},"modified":"2018-05-22T11:23:51","modified_gmt":"2018-05-22T09:23:51","slug":"internet","status":"publish","type":"page","link":"https:\/\/www.serrelong.com\/de\/internet\/","title":{"rendered":"Internet"},"content":{"rendered":"[mk_page_section padding_top=&#8220;50&#8243; padding_bottom=&#8220;50&#8243; sidebar=&#8220;sidebar-1&#8243;][vc_column][vc_column_text css=&#8220;.vc_custom_1526981115589{margin-bottom: 0px !important;}&#8220;]W\u00e4hrend Ihres Aufenthaltes auf Serre Long k\u00f6nnen sie Gebrauch machen von unserem Gratis WiFi. Internet auf Serre Long ist jedoch nicht selbstverst\u00e4ndlich. Serre Long liegt mitten in der Natur und weit entfernt von einer Telefonzentrale. Auf Serre Long gibt es Internet via Satellit, war jedoch bedeutet, dass Serre Long an einen limitierten Datenverkehr gebunden ist.<br \/>\nEs ist deshalb nicht m\u00f6glich um auf Serre Long das Internet f\u00fcr das Laden gro\u00dfer Best\u00e4nde so wie z. B. YouTube, Spotify, Netflix, Videos, Computerspiele, Google Earth, etc. zu gebrauchen.<br \/>\n<strong>Bitte verwenden Sie hierf\u00fcr Ihr eigenes Datenpaket.<\/strong>[\/vc_column_text][\/vc_column][\/mk_page_section]\n","protected":false},"excerpt":{"rendered":"<p>[mk_page_section padding_top=&#8220;50&#8243; padding_bottom=&#8220;50&#8243; sidebar=&#8220;sidebar-1&#8243;][vc_column][vc_column_text css=&#8220;.vc_custom_1526981115589{margin-bottom: 0px !important;}&#8220;]W\u00e4hrend Ihres Aufenthaltes auf Serre Long k\u00f6nnen sie Gebrauch machen von unserem Gratis WiFi. Internet auf Serre Long ist jedoch nicht selbstverst\u00e4ndlich. Serre Long liegt mitten in der Natur und weit entfernt von einer Telefonzentrale. Auf Serre Long gibt es Internet via Satellit, war jedoch bedeutet, dass Serre Long [&hellip;]<\/p>\n","protected":false},"author":1,"featured_media":0,"parent":0,"menu_order":0,"comment_status":"closed","ping_status":"closed","template":"","meta":{"footnotes":""},"class_list":["post-6243","page","type-page","status-publish","hentry"],"yoast_head":"<!-- This site is optimized with the Yoast SEO plugin v27.4 - https:\/\/yoast.com\/product\/yoast-seo-wordpress\/ -->\n<title>Internet - Domaine Serre Long - Provence \/ C\u00f4te d\u2019Azur<\/title>\n<meta name=\"robots\" content=\"index, follow, max-snippet:-1, max-image-preview:large, max-video-preview:-1\" \/>\n<link rel=\"canonical\" href=\"https:\/\/www.serrelong.com\/de\/internet\/\" \/>\n<meta property=\"og:locale\" content=\"de_DE\" \/>\n<meta property=\"og:type\" content=\"article\" \/>\n<meta property=\"og:title\" content=\"Internet - Domaine Serre Long - Provence \/ C\u00f4te d\u2019Azur\" \/>\n<meta property=\"og:description\" content=\"[mk_page_section padding_top=&#8220;50&#8243; padding_bottom=&#8220;50&#8243; sidebar=&#8220;sidebar-1&#8243;][vc_column][vc_column_text css=&#8220;.vc_custom_1526981115589{margin-bottom: 0px !important;}&#8220;]W\u00e4hrend Ihres Aufenthaltes auf Serre Long k\u00f6nnen sie Gebrauch machen von unserem Gratis WiFi. Internet auf Serre Long ist jedoch nicht selbstverst\u00e4ndlich. Serre Long liegt mitten in der Natur und weit entfernt von einer Telefonzentrale. Auf Serre Long gibt es Internet via Satellit, war jedoch bedeutet, dass Serre Long [&hellip;]\" \/>\n<meta property=\"og:url\" content=\"https:\/\/www.serrelong.com\/de\/internet\/\" \/>\n<meta property=\"og:site_name\" content=\"Domaine Serre Long - Provence \/ C\u00f4te d\u2019Azur\" \/>\n<meta property=\"article:modified_time\" content=\"2018-05-22T09:23:51+00:00\" \/>\n<meta name=\"twitter:card\" content=\"summary_large_image\" \/>\n<meta name=\"twitter:label1\" content=\"Gesch\u00e4tzte Lesezeit\" \/>\n\t<meta name=\"twitter:data1\" content=\"1\u00a0Minute\" \/>\n<script type=\"application\/ld+json\" class=\"yoast-schema-graph\">{\"@context\":\"https:\\\/\\\/schema.org\",\"@graph\":[{\"@type\":\"WebPage\",\"@id\":\"https:\\\/\\\/www.serrelong.com\\\/de\\\/internet\\\/\",\"url\":\"https:\\\/\\\/www.serrelong.com\\\/de\\\/internet\\\/\",\"name\":\"Internet - Domaine Serre Long - Provence \\\/ C\u00f4te d\u2019Azur\",\"isPartOf\":{\"@id\":\"https:\\\/\\\/www.serrelong.com\\\/#website\"},\"datePublished\":\"2017-12-07T13:35:44+00:00\",\"dateModified\":\"2018-05-22T09:23:51+00:00\",\"breadcrumb\":{\"@id\":\"https:\\\/\\\/www.serrelong.com\\\/de\\\/internet\\\/#breadcrumb\"},\"inLanguage\":\"de\",\"potentialAction\":[{\"@type\":\"ReadAction\",\"target\":[\"https:\\\/\\\/www.serrelong.com\\\/de\\\/internet\\\/\"]}]},{\"@type\":\"BreadcrumbList\",\"@id\":\"https:\\\/\\\/www.serrelong.com\\\/de\\\/internet\\\/#breadcrumb\",\"itemListElement\":[{\"@type\":\"ListItem\",\"position\":1,\"name\":\"Home\",\"item\":\"https:\\\/\\\/www.serrelong.com\\\/de\\\/\"},{\"@type\":\"ListItem\",\"position\":2,\"name\":\"Internet\"}]},{\"@type\":\"WebSite\",\"@id\":\"https:\\\/\\\/www.serrelong.com\\\/#website\",\"url\":\"https:\\\/\\\/www.serrelong.com\\\/\",\"name\":\"Domaine Serre Long - Provence \\\/ C\u00f4te d\u2019Azur\",\"description\":\"\",\"potentialAction\":[{\"@type\":\"SearchAction\",\"target\":{\"@type\":\"EntryPoint\",\"urlTemplate\":\"https:\\\/\\\/www.serrelong.com\\\/?s={search_term_string}\"},\"query-input\":{\"@type\":\"PropertyValueSpecification\",\"valueRequired\":true,\"valueName\":\"search_term_string\"}}],\"inLanguage\":\"de\"}]}<\/script>\n<!-- \/ Yoast SEO plugin. -->","yoast_head_json":{"title":"Internet - Domaine Serre Long - Provence \/ C\u00f4te d\u2019Azur","robots":{"index":"index","follow":"follow","max-snippet":"max-snippet:-1","max-image-preview":"max-image-preview:large","max-video-preview":"max-video-preview:-1"},"canonical":"https:\/\/www.serrelong.com\/de\/internet\/","og_locale":"de_DE","og_type":"article","og_title":"Internet - Domaine Serre Long - Provence \/ C\u00f4te d\u2019Azur","og_description":"[mk_page_section padding_top=&#8220;50&#8243; padding_bottom=&#8220;50&#8243; sidebar=&#8220;sidebar-1&#8243;][vc_column][vc_column_text css=&#8220;.vc_custom_1526981115589{margin-bottom: 0px !important;}&#8220;]W\u00e4hrend Ihres Aufenthaltes auf Serre Long k\u00f6nnen sie Gebrauch machen von unserem Gratis WiFi. Internet auf Serre Long ist jedoch nicht selbstverst\u00e4ndlich. Serre Long liegt mitten in der Natur und weit entfernt von einer Telefonzentrale. Auf Serre Long gibt es Internet via Satellit, war jedoch bedeutet, dass Serre Long [&hellip;]","og_url":"https:\/\/www.serrelong.com\/de\/internet\/","og_site_name":"Domaine Serre Long - Provence \/ C\u00f4te d\u2019Azur","article_modified_time":"2018-05-22T09:23:51+00:00","twitter_card":"summary_large_image","twitter_misc":{"Gesch\u00e4tzte Lesezeit":"1\u00a0Minute"},"schema":{"@context":"https:\/\/schema.org","@graph":[{"@type":"WebPage","@id":"https:\/\/www.serrelong.com\/de\/internet\/","url":"https:\/\/www.serrelong.com\/de\/internet\/","name":"Internet - Domaine Serre Long - Provence \/ C\u00f4te d\u2019Azur","isPartOf":{"@id":"https:\/\/www.serrelong.com\/#website"},"datePublished":"2017-12-07T13:35:44+00:00","dateModified":"2018-05-22T09:23:51+00:00","breadcrumb":{"@id":"https:\/\/www.serrelong.com\/de\/internet\/#breadcrumb"},"inLanguage":"de","potentialAction":[{"@type":"ReadAction","target":["https:\/\/www.serrelong.com\/de\/internet\/"]}]},{"@type":"BreadcrumbList","@id":"https:\/\/www.serrelong.com\/de\/internet\/#breadcrumb","itemListElement":[{"@type":"ListItem","position":1,"name":"Home","item":"https:\/\/www.serrelong.com\/de\/"},{"@type":"ListItem","position":2,"name":"Internet"}]},{"@type":"WebSite","@id":"https:\/\/www.serrelong.com\/#website","url":"https:\/\/www.serrelong.com\/","name":"Domaine Serre Long - Provence \/ C\u00f4te d\u2019Azur","description":"","potentialAction":[{"@type":"SearchAction","target":{"@type":"EntryPoint","urlTemplate":"https:\/\/www.serrelong.com\/?s={search_term_string}"},"query-input":{"@type":"PropertyValueSpecification","valueRequired":true,"valueName":"search_term_string"}}],"inLanguage":"de"}]}},"_links":{"self":[{"href":"https:\/\/www.serrelong.com\/de\/wp-json\/wp\/v2\/pages\/6243","targetHints":{"allow":["GET"]}}],"collection":[{"href":"https:\/\/www.serrelong.com\/de\/wp-json\/wp\/v2\/pages"}],"about":[{"href":"https:\/\/www.serrelong.com\/de\/wp-json\/wp\/v2\/types\/page"}],"author":[{"embeddable":true,"href":"https:\/\/www.serrelong.com\/de\/wp-json\/wp\/v2\/users\/1"}],"replies":[{"embeddable":true,"href":"https:\/\/www.serrelong.com\/de\/wp-json\/wp\/v2\/comments?post=6243"}],"version-history":[{"count":1,"href":"https:\/\/www.serrelong.com\/de\/wp-json\/wp\/v2\/pages\/6243\/revisions"}],"predecessor-version":[{"id":6254,"href":"https:\/\/www.serrelong.com\/de\/wp-json\/wp\/v2\/pages\/6243\/revisions\/6254"}],"wp:attachment":[{"href":"https:\/\/www.serrelong.com\/de\/wp-json\/wp\/v2\/media?parent=6243"}],"curies":[{"name":"wp","href":"https:\/\/api.w.org\/{rel}","templated":true}]}}